{"id":13142,"date":"2025-06-16T05:40:21","date_gmt":"2025-06-16T05:40:21","guid":{"rendered":"https:\/\/mgmbaltic.lt\/?page_id=13142"},"modified":"2025-07-08T11:06:48","modified_gmt":"2025-07-08T11:06:48","slug":"parodu-stendo-skaiciuokle","status":"publish","type":"page","link":"https:\/\/mgmbaltic.lt\/en\/paslaugos\/parodu-stendo-skaiciuokle","title":{"rendered":"Parod\u0173 stendo skai\u010diuokl\u0117"},"content":{"rendered":"","protected":false},"excerpt":{"rendered":"","protected":false},"author":1,"featured_media":0,"parent":7328,"menu_order":0,"comment_status":"closed","ping_status":"closed","template":"page-stand-calculator.php","meta":{"_acf_changed":false,"footnotes":""},"class_list":["post-13142","page","type-page","status-publish","hentry"],"acf":[],"yoast_head":"<!-- This site is optimized with the Yoast SEO plugin v25.3.1 - https:\/\/yoast.com\/wordpress\/plugins\/seo\/ -->\n<title>Parod\u0173 stendo skai\u010diuokl\u0117 - MGMBALTIC<\/title>\n<meta name=\"robots\" content=\"index, follow, max-snippet:-1, max-image-preview:large, max-video-preview:-1\" \/>\n<link rel=\"canonical\" href=\"https:\/\/mgmbaltic.lt\/en\/paslaugos\/parodu-stendo-skaiciuokle\/\" \/>\n<meta property=\"og:locale\" content=\"en_US\" \/>\n<meta property=\"og:type\" content=\"article\" \/>\n<meta property=\"og:title\" content=\"Parod\u0173 stendo skai\u010diuokl\u0117 - MGMBALTIC\" \/>\n<meta property=\"og:url\" content=\"https:\/\/mgmbaltic.lt\/en\/paslaugos\/parodu-stendo-skaiciuokle\/\" \/>\n<meta property=\"og:site_name\" content=\"MGMBALTIC\" \/>\n<meta property=\"article:modified_time\" content=\"2025-07-08T11:06:48+00:00\" \/>\n<meta name=\"twitter:card\" content=\"summary_large_image\" \/>\n<script type=\"application\/ld+json\" class=\"yoast-schema-graph\">{\"@context\":\"https:\/\/schema.org\",\"@graph\":[{\"@type\":\"WebPage\",\"@id\":\"https:\/\/mgmbaltic.lt\/paslaugos\/parodu-stendo-skaiciuokle\",\"url\":\"https:\/\/mgmbaltic.lt\/paslaugos\/parodu-stendo-skaiciuokle\",\"name\":\"Parod\u0173 stendo skai\u010diuokl\u0117 - MGMBALTIC\",\"isPartOf\":{\"@id\":\"https:\/\/www.mgmbaltic.lt\/#website\"},\"datePublished\":\"2025-06-16T05:40:21+00:00\",\"dateModified\":\"2025-07-08T11:06:48+00:00\",\"breadcrumb\":{\"@id\":\"https:\/\/mgmbaltic.lt\/paslaugos\/parodu-stendo-skaiciuokle#breadcrumb\"},\"inLanguage\":\"en-US\",\"potentialAction\":[{\"@type\":\"ReadAction\",\"target\":[\"https:\/\/mgmbaltic.lt\/paslaugos\/parodu-stendo-skaiciuokle\"]}]},{\"@type\":\"BreadcrumbList\",\"@id\":\"https:\/\/mgmbaltic.lt\/paslaugos\/parodu-stendo-skaiciuokle#breadcrumb\",\"itemListElement\":[{\"@type\":\"ListItem\",\"position\":1,\"name\":\"Home\",\"item\":\"https:\/\/mgmbaltic.lt\/\"},{\"@type\":\"ListItem\",\"position\":2,\"name\":\"Paslaugos\",\"item\":\"https:\/\/www.mgmbaltic.lt\/paslaugos\"},{\"@type\":\"ListItem\",\"position\":3,\"name\":\"Parod\u0173 stendo skai\u010diuokl\u0117\"}]},{\"@type\":\"WebSite\",\"@id\":\"https:\/\/www.mgmbaltic.lt\/#website\",\"url\":\"https:\/\/www.mgmbaltic.lt\/\",\"name\":\"MGMBALTIC\",\"description\":\"\",\"publisher\":{\"@id\":\"https:\/\/www.mgmbaltic.lt\/#organization\"},\"potentialAction\":[{\"@type\":\"SearchAction\",\"target\":{\"@type\":\"EntryPoint\",\"urlTemplate\":\"https:\/\/www.mgmbaltic.lt\/?s={search_term_string}\"},\"query-input\":{\"@type\":\"PropertyValueSpecification\",\"valueRequired\":true,\"valueName\":\"search_term_string\"}}],\"inLanguage\":\"en-US\"},{\"@type\":\"Organization\",\"@id\":\"https:\/\/www.mgmbaltic.lt\/#organization\",\"name\":\"MGMBALTIC\",\"url\":\"https:\/\/www.mgmbaltic.lt\/\",\"logo\":{\"@type\":\"ImageObject\",\"inLanguage\":\"en-US\",\"@id\":\"https:\/\/www.mgmbaltic.lt\/#\/schema\/logo\/image\/\",\"url\":\"https:\/\/mgmbaltic.lt\/wp-content\/uploads\/2025\/01\/cropped-Vector.png\",\"contentUrl\":\"https:\/\/mgmbaltic.lt\/wp-content\/uploads\/2025\/01\/cropped-Vector.png\",\"width\":289,\"height\":65,\"caption\":\"MGMBALTIC\"},\"image\":{\"@id\":\"https:\/\/www.mgmbaltic.lt\/#\/schema\/logo\/image\/\"}}]}<\/script>\n<!-- \/ Yoast SEO plugin. -->","yoast_head_json":{"title":"Parod\u0173 stendo skai\u010diuokl\u0117 - MGMBALTIC","robots":{"index":"index","follow":"follow","max-snippet":"max-snippet:-1","max-image-preview":"max-image-preview:large","max-video-preview":"max-video-preview:-1"},"canonical":"https:\/\/mgmbaltic.lt\/en\/paslaugos\/parodu-stendo-skaiciuokle\/","og_locale":"en_US","og_type":"article","og_title":"Parod\u0173 stendo skai\u010diuokl\u0117 - MGMBALTIC","og_url":"https:\/\/mgmbaltic.lt\/en\/paslaugos\/parodu-stendo-skaiciuokle\/","og_site_name":"MGMBALTIC","article_modified_time":"2025-07-08T11:06:48+00:00","twitter_card":"summary_large_image","schema":{"@context":"https:\/\/schema.org","@graph":[{"@type":"WebPage","@id":"https:\/\/mgmbaltic.lt\/paslaugos\/parodu-stendo-skaiciuokle","url":"https:\/\/mgmbaltic.lt\/paslaugos\/parodu-stendo-skaiciuokle","name":"Parod\u0173 stendo skai\u010diuokl\u0117 - MGMBALTIC","isPartOf":{"@id":"https:\/\/www.mgmbaltic.lt\/#website"},"datePublished":"2025-06-16T05:40:21+00:00","dateModified":"2025-07-08T11:06:48+00:00","breadcrumb":{"@id":"https:\/\/mgmbaltic.lt\/paslaugos\/parodu-stendo-skaiciuokle#breadcrumb"},"inLanguage":"en-US","potentialAction":[{"@type":"ReadAction","target":["https:\/\/mgmbaltic.lt\/paslaugos\/parodu-stendo-skaiciuokle"]}]},{"@type":"BreadcrumbList","@id":"https:\/\/mgmbaltic.lt\/paslaugos\/parodu-stendo-skaiciuokle#breadcrumb","itemListElement":[{"@type":"ListItem","position":1,"name":"Home","item":"https:\/\/mgmbaltic.lt\/"},{"@type":"ListItem","position":2,"name":"Paslaugos","item":"https:\/\/www.mgmbaltic.lt\/paslaugos"},{"@type":"ListItem","position":3,"name":"Parod\u0173 stendo skai\u010diuokl\u0117"}]},{"@type":"WebSite","@id":"https:\/\/www.mgmbaltic.lt\/#website","url":"https:\/\/www.mgmbaltic.lt\/","name":"MGMBALTIC","description":"","publisher":{"@id":"https:\/\/www.mgmbaltic.lt\/#organization"},"potentialAction":[{"@type":"SearchAction","target":{"@type":"EntryPoint","urlTemplate":"https:\/\/www.mgmbaltic.lt\/?s={search_term_string}"},"query-input":{"@type":"PropertyValueSpecification","valueRequired":true,"valueName":"search_term_string"}}],"inLanguage":"en-US"},{"@type":"Organization","@id":"https:\/\/www.mgmbaltic.lt\/#organization","name":"MGMBALTIC","url":"https:\/\/www.mgmbaltic.lt\/","logo":{"@type":"ImageObject","inLanguage":"en-US","@id":"https:\/\/www.mgmbaltic.lt\/#\/schema\/logo\/image\/","url":"https:\/\/mgmbaltic.lt\/wp-content\/uploads\/2025\/01\/cropped-Vector.png","contentUrl":"https:\/\/mgmbaltic.lt\/wp-content\/uploads\/2025\/01\/cropped-Vector.png","width":289,"height":65,"caption":"MGMBALTIC"},"image":{"@id":"https:\/\/www.mgmbaltic.lt\/#\/schema\/logo\/image\/"}}]}},"_links":{"self":[{"href":"https:\/\/mgmbaltic.lt\/en\/wp-json\/wp\/v2\/pages\/13142","targetHints":{"allow":["GET"]}}],"collection":[{"href":"https:\/\/mgmbaltic.lt\/en\/wp-json\/wp\/v2\/pages"}],"about":[{"href":"https:\/\/mgmbaltic.lt\/en\/wp-json\/wp\/v2\/types\/page"}],"author":[{"embeddable":true,"href":"https:\/\/mgmbaltic.lt\/en\/wp-json\/wp\/v2\/users\/1"}],"replies":[{"embeddable":true,"href":"https:\/\/mgmbaltic.lt\/en\/wp-json\/wp\/v2\/comments?post=13142"}],"version-history":[{"count":3,"href":"https:\/\/mgmbaltic.lt\/en\/wp-json\/wp\/v2\/pages\/13142\/revisions"}],"predecessor-version":[{"id":13277,"href":"https:\/\/mgmbaltic.lt\/en\/wp-json\/wp\/v2\/pages\/13142\/revisions\/13277"}],"up":[{"embeddable":true,"href":"https:\/\/mgmbaltic.lt\/en\/wp-json\/wp\/v2\/pages\/7328"}],"wp:attachment":[{"href":"https:\/\/mgmbaltic.lt\/en\/wp-json\/wp\/v2\/media?parent=13142"}],"curies":[{"name":"wp","href":"https:\/\/api.w.org\/{rel}","templated":true}]}}