{"id":7332,"date":"2025-01-08T12:27:57","date_gmt":"2025-01-08T12:27:57","guid":{"rendered":"https:\/\/mgm2.webdemo.lt\/?page_id=7332"},"modified":"2025-02-04T09:22:41","modified_gmt":"2025-02-04T09:22:41","slug":"es-finansavimas","status":"publish","type":"page","link":"https:\/\/mgmbaltic.lt\/en\/es-finansavimas","title":{"rendered":"EU Funding"},"content":{"rendered":"<div data-elementor-type=\"wp-post\" data-elementor-id=\"7332\" class=\"elementor elementor-7332\" data-elementor-post-type=\"page\">\n\t\t\t\t<div class=\"elementor-element elementor-element-31ebfd2 e-flex e-con-boxed e-con e-parent\" data-id=\"31ebfd2\" data-element_type=\"container\">\n\t\t\t\t\t<div class=\"e-con-inner\">\n\t\t\t\t<div class=\"elementor-element elementor-element-9bfdc87 elementor-widget elementor-widget-heading\" data-id=\"9bfdc87\" data-element_type=\"widget\" data-widget_type=\"heading.default\">\n\t\t\t\t<div class=\"elementor-widget-container\">\n\t\t\t\t\t<h2 class=\"elementor-heading-title elementor-size-default\">EU Funding<\/h2>\t\t\t\t<\/div>\n\t\t\t\t<\/div>\n\t\t\t\t\t<\/div>\n\t\t\t\t<\/div>\n\t\t<div class=\"elementor-element elementor-element-2c902eb e-flex e-con-boxed e-con e-parent\" data-id=\"2c902eb\" data-element_type=\"container\">\n\t\t\t\t\t<div class=\"e-con-inner\">\n\t\t\t\t<div class=\"elementor-element elementor-element-74590d1 elementor-widget elementor-widget-heading\" data-id=\"74590d1\" data-element_type=\"widget\" data-widget_type=\"heading.default\">\n\t\t\t\t<div class=\"elementor-widget-container\">\n\t\t\t\t\t<h2 class=\"elementor-heading-title elementor-size-default translation-block\">Project \"Implementation of E-commerce Transaction Solution for UAB 'MGM Baltic'\"<\/h2>\t\t\t\t<\/div>\n\t\t\t\t<\/div>\n\t\t<div class=\"elementor-element elementor-element-c5c8e87 e-con-full e-flex e-con e-child\" data-id=\"c5c8e87\" data-element_type=\"container\">\n\t\t<div class=\"elementor-element elementor-element-8812e5b e-con-full e-flex e-con e-child\" data-id=\"8812e5b\" data-element_type=\"container\">\n\t\t\t\t<div class=\"elementor-element elementor-element-db0d16c elementor-icon-list--layout-traditional elementor-list-item-link-full_width elementor-widget elementor-widget-icon-list\" data-id=\"db0d16c\" data-element_type=\"widget\" data-widget_type=\"icon-list.default\">\n\t\t\t\t<div class=\"elementor-widget-container\">\n\t\t\t\t\t\t\t<ul class=\"elementor-icon-list-items\">\n\t\t\t\t\t\t\t<li class=\"elementor-icon-list-item\">\n\t\t\t\t\t\t\t\t\t\t\t<span class=\"elementor-icon-list-icon\">\n\t\t\t\t\t\t\t<svg xmlns=\"http:\/\/www.w3.org\/2000\/svg\" width=\"65\" height=\"65\" viewbox=\"0 0 65 65\" fill=\"none\"><g id=\"Why Choose Us Icon\"><circle id=\"Ellipse 1179\" cx=\"32.5\" cy=\"32.5\" r=\"32\" stroke=\"black\"><\/circle><path id=\"Vector\" d=\"M28.3231 40.9949L19.9694 32.4974L18 34.5L28.3231 45L47 26.0026L45.0306 24L28.3231 40.9949Z\" fill=\"#EE3124\"><\/path><\/g><\/svg>\t\t\t\t\t\t<\/span>\n\t\t\t\t\t\t\t\t\t\t<span class=\"elementor-icon-list-text\"><b>Project Goal<\/b> \u2013 Company revenue growth through the digitalization of business operations and the implementation of e-commerce transaction solutions.<\/span>\n\t\t\t\t\t\t\t\t\t<\/li>\n\t\t\t\t\t\t\t\t<li class=\"elementor-icon-list-item\">\n\t\t\t\t\t\t\t\t\t\t\t<span class=\"elementor-icon-list-icon\">\n\t\t\t\t\t\t\t<svg xmlns=\"http:\/\/www.w3.org\/2000\/svg\" width=\"65\" height=\"65\" viewbox=\"0 0 65 65\" fill=\"none\"><g id=\"Why Choose Us Icon\"><circle id=\"Ellipse 1179\" cx=\"32.5\" cy=\"32.5\" r=\"32\" stroke=\"black\"><\/circle><path id=\"Vector\" d=\"M28.3231 40.9949L19.9694 32.4974L18 34.5L28.3231 45L47 26.0026L45.0306 24L28.3231 40.9949Z\" fill=\"#EE3124\"><\/path><\/g><\/svg>\t\t\t\t\t\t<\/span>\n\t\t\t\t\t\t\t\t\t\t<span class=\"elementor-icon-list-text\"><b>Project Task<\/b>\u00a0\u2013 Creation of an online store.<\/span>\n\t\t\t\t\t\t\t\t\t<\/li>\n\t\t\t\t\t\t\t\t<li class=\"elementor-icon-list-item\">\n\t\t\t\t\t\t\t\t\t\t\t<span class=\"elementor-icon-list-icon\">\n\t\t\t\t\t\t\t<svg xmlns=\"http:\/\/www.w3.org\/2000\/svg\" width=\"65\" height=\"65\" viewbox=\"0 0 65 65\" fill=\"none\"><g id=\"Why Choose Us Icon\"><circle id=\"Ellipse 1179\" cx=\"32.5\" cy=\"32.5\" r=\"32\" stroke=\"black\"><\/circle><path id=\"Vector\" d=\"M28.3231 40.9949L19.9694 32.4974L18 34.5L28.3231 45L47 26.0026L45.0306 24L28.3231 40.9949Z\" fill=\"#EE3124\"><\/path><\/g><\/svg>\t\t\t\t\t\t<\/span>\n\t\t\t\t\t\t\t\t\t\t<span class=\"elementor-icon-list-text\"><b>Project Result<\/b> \u2013 An online store has been created.<\/span>\n\t\t\t\t\t\t\t\t\t<\/li>\n\t\t\t\t\t\t\t\t<li class=\"elementor-icon-list-item\">\n\t\t\t\t\t\t\t\t\t\t\t<span class=\"elementor-icon-list-icon\">\n\t\t\t\t\t\t\t<svg xmlns=\"http:\/\/www.w3.org\/2000\/svg\" width=\"65\" height=\"65\" viewbox=\"0 0 65 65\" fill=\"none\"><g id=\"Why Choose Us Icon\"><circle id=\"Ellipse 1179\" cx=\"32.5\" cy=\"32.5\" r=\"32\" stroke=\"black\"><\/circle><path id=\"Vector\" d=\"M28.3231 40.9949L19.9694 32.4974L18 34.5L28.3231 45L47 26.0026L45.0306 24L28.3231 40.9949Z\" fill=\"#EE3124\"><\/path><\/g><\/svg>\t\t\t\t\t\t<\/span>\n\t\t\t\t\t\t\t\t\t\t<span class=\"elementor-icon-list-text\"><b>Project Budget<\/b> \u2013 \u20ac49,000.00 excluding VAT,\nEU funding allocated \u2013 \u20ac24,500.00.<\/span>\n\t\t\t\t\t\t\t\t\t<\/li>\n\t\t\t\t\t\t\t\t<li class=\"elementor-icon-list-item\">\n\t\t\t\t\t\t\t\t\t\t\t<span class=\"elementor-icon-list-icon\">\n\t\t\t\t\t\t\t<svg xmlns=\"http:\/\/www.w3.org\/2000\/svg\" width=\"65\" height=\"65\" viewbox=\"0 0 65 65\" fill=\"none\"><g id=\"Why Choose Us Icon\"><circle id=\"Ellipse 1179\" cx=\"32.5\" cy=\"32.5\" r=\"32\" stroke=\"black\"><\/circle><path id=\"Vector\" d=\"M28.3231 40.9949L19.9694 32.4974L18 34.5L28.3231 45L47 26.0026L45.0306 24L28.3231 40.9949Z\" fill=\"#EE3124\"><\/path><\/g><\/svg>\t\t\t\t\t\t<\/span>\n\t\t\t\t\t\t\t\t\t\t<span class=\"elementor-icon-list-text\">Project implementation duration \u2013 12 months.<\/span>\n\t\t\t\t\t\t\t\t\t<\/li>\n\t\t\t\t\t\t<\/ul>\n\t\t\t\t\t\t<\/div>\n\t\t\t\t<\/div>\n\t\t\t\t<\/div>\n\t\t<div class=\"elementor-element elementor-element-6727a52 e-con-full e-flex e-con e-child\" data-id=\"6727a52\" data-element_type=\"container\">\n\t\t\t\t<div class=\"elementor-element elementor-element-1422a26 elementor-widget elementor-widget-text-editor\" data-id=\"1422a26\" data-element_type=\"widget\" data-widget_type=\"text-editor.default\">\n\t\t\t\t<div class=\"elementor-widget-container\">\n\t\t\t\t\t\t\t\t\t<p>UAB \"MGM Baltic\" has been operating for over 12 years.<\/p><p>UAB \"MGM Baltic\" is a high-quality advertising production company operating throughout Lithuania: in Vilnius, Kaunas, Klaip\u0117da, \u0160iauliai, and other cities across the country.<\/p><p>The company specializes in both outdoor and indoor advertising production, providing top-quality services to promote clients' products or services.<\/p><p>The company's activities include design, engineering, and production: outdoor advertising production, creation of promotional products, lighting projects, design, and installation.<\/p><p>The company can execute projects of various scales: from small promotional materials to complex exhibition stands designed for high-level trade shows.<\/p>\t\t\t\t\t\t\t\t<\/div>\n\t\t\t\t<\/div>\n\t\t\t\t<div class=\"elementor-element elementor-element-9f84894 elementor-widget elementor-widget-image\" data-id=\"9f84894\" data-element_type=\"widget\" data-widget_type=\"image.default\">\n\t\t\t\t<div class=\"elementor-widget-container\">\n\t\t\t\t\t\t\t\t\t\t\t\t\t\t\t<img decoding=\"async\" width=\"384\" height=\"82\" src=\"https:\/\/mgmbaltic.lt\/wp-content\/uploads\/2025\/01\/mgm-baltic-bendrai-finansuoja-es-300x64-1.png\" class=\"attachment-large size-large wp-image-7843\" alt=\"\" srcset=\"https:\/\/mgmbaltic.lt\/wp-content\/uploads\/2025\/01\/mgm-baltic-bendrai-finansuoja-es-300x64-1.png 384w, https:\/\/mgmbaltic.lt\/wp-content\/uploads\/2025\/01\/mgm-baltic-bendrai-finansuoja-es-300x64-1-300x64.png 300w, https:\/\/mgmbaltic.lt\/wp-content\/uploads\/2025\/01\/mgm-baltic-bendrai-finansuoja-es-300x64-1-18x4.png 18w, https:\/\/mgmbaltic.lt\/wp-content\/uploads\/2025\/01\/mgm-baltic-bendrai-finansuoja-es-300x64-1-150x32.png 150w\" sizes=\"(max-width: 360px) 147px, (max-width: 384px) 100vw, 384px\" \/>\t\t\t\t\t\t\t\t\t\t\t\t\t\t\t<\/div>\n\t\t\t\t<\/div>\n\t\t\t\t<\/div>\n\t\t\t\t<\/div>\n\t\t\t\t\t<\/div>\n\t\t\t\t<\/div>\n\t\t<div class=\"elementor-element elementor-element-443aaae elementor-hidden-desktop elementor-hidden-tablet e-flex e-con-boxed e-con e-parent\" data-id=\"443aaae\" data-element_type=\"container\">\n\t\t\t\t\t<div class=\"e-con-inner\">\n\t\t\t\t<div class=\"elementor-element elementor-element-edfa79f elementor-widget-divider--view-line elementor-widget elementor-widget-divider\" data-id=\"edfa79f\" data-element_type=\"widget\" data-widget_type=\"divider.default\">\n\t\t\t\t<div class=\"elementor-widget-container\">\n\t\t\t\t\t\t\t<div class=\"elementor-divider\">\n\t\t\t<span class=\"elementor-divider-separator\">\n\t\t\t\t\t\t<\/span>\n\t\t<\/div>\n\t\t\t\t\t\t<\/div>\n\t\t\t\t<\/div>\n\t\t\t\t\t<\/div>\n\t\t\t\t<\/div>\n\t\t<div class=\"elementor-element elementor-element-1c7cf6a e-flex e-con-boxed e-con e-parent\" data-id=\"1c7cf6a\" data-element_type=\"container\">\n\t\t\t\t\t<div class=\"e-con-inner\">\n\t\t\t\t<div class=\"elementor-element elementor-element-f458431 elementor-widget elementor-widget-heading\" data-id=\"f458431\" data-element_type=\"widget\" data-widget_type=\"heading.default\">\n\t\t\t\t<div class=\"elementor-widget-container\">\n\t\t\t\t\t<h2 class=\"elementor-heading-title elementor-size-default\">Project \"Export Market Expansion for UAB MGM Baltic through Exhibition Participation and Certification of Manufactured Products\"<\/h2>\t\t\t\t<\/div>\n\t\t\t\t<\/div>\n\t\t<div class=\"elementor-element elementor-element-73d62d3 e-con-full e-flex e-con e-child\" data-id=\"73d62d3\" data-element_type=\"container\">\n\t\t<div class=\"elementor-element elementor-element-444b398 e-con-full e-flex e-con e-child\" data-id=\"444b398\" data-element_type=\"container\">\n\t\t\t\t<div class=\"elementor-element elementor-element-8b3b8b7 elementor-icon-list--layout-traditional elementor-list-item-link-full_width elementor-widget elementor-widget-icon-list\" data-id=\"8b3b8b7\" data-element_type=\"widget\" data-widget_type=\"icon-list.default\">\n\t\t\t\t<div class=\"elementor-widget-container\">\n\t\t\t\t\t\t\t<ul class=\"elementor-icon-list-items\">\n\t\t\t\t\t\t\t<li class=\"elementor-icon-list-item\">\n\t\t\t\t\t\t\t\t\t\t\t<span class=\"elementor-icon-list-icon\">\n\t\t\t\t\t\t\t<svg xmlns=\"http:\/\/www.w3.org\/2000\/svg\" width=\"65\" height=\"65\" viewbox=\"0 0 65 65\" fill=\"none\"><g id=\"Why Choose Us Icon\"><circle id=\"Ellipse 1179\" cx=\"32.5\" cy=\"32.5\" r=\"32\" stroke=\"black\"><\/circle><path id=\"Vector\" d=\"M28.3231 40.9949L19.9694 32.4974L18 34.5L28.3231 45L47 26.0026L45.0306 24L28.3231 40.9949Z\" fill=\"#EE3124\"><\/path><\/g><\/svg>\t\t\t\t\t\t<\/span>\n\t\t\t\t\t\t\t\t\t\t<span class=\"elementor-icon-list-text\"><b>Project Goal<\/b>\u00a0\u2013 Increasing the competitiveness and internationalization of UAB \"MGM Baltic.\"<\/span>\n\t\t\t\t\t\t\t\t\t<\/li>\n\t\t\t\t\t\t\t\t<li class=\"elementor-icon-list-item\">\n\t\t\t\t\t\t\t\t\t\t\t<span class=\"elementor-icon-list-icon\">\n\t\t\t\t\t\t\t<svg xmlns=\"http:\/\/www.w3.org\/2000\/svg\" width=\"65\" height=\"65\" viewbox=\"0 0 65 65\" fill=\"none\"><g id=\"Why Choose Us Icon\"><circle id=\"Ellipse 1179\" cx=\"32.5\" cy=\"32.5\" r=\"32\" stroke=\"black\"><\/circle><path id=\"Vector\" d=\"M28.3231 40.9949L19.9694 32.4974L18 34.5L28.3231 45L47 26.0026L45.0306 24L28.3231 40.9949Z\" fill=\"#EE3124\"><\/path><\/g><\/svg>\t\t\t\t\t\t<\/span>\n\t\t\t\t\t\t\t\t\t\t<span class=\"elementor-icon-list-text\"><b>Project Start<\/b>\u00a0\u2013 2024-07-12<br><\/span>\n\t\t\t\t\t\t\t\t\t<\/li>\n\t\t\t\t\t\t\t\t<li class=\"elementor-icon-list-item\">\n\t\t\t\t\t\t\t\t\t\t\t<span class=\"elementor-icon-list-icon\">\n\t\t\t\t\t\t\t<svg xmlns=\"http:\/\/www.w3.org\/2000\/svg\" width=\"65\" height=\"65\" viewbox=\"0 0 65 65\" fill=\"none\"><g id=\"Why Choose Us Icon\"><circle id=\"Ellipse 1179\" cx=\"32.5\" cy=\"32.5\" r=\"32\" stroke=\"black\"><\/circle><path id=\"Vector\" d=\"M28.3231 40.9949L19.9694 32.4974L18 34.5L28.3231 45L47 26.0026L45.0306 24L28.3231 40.9949Z\" fill=\"#EE3124\"><\/path><\/g><\/svg>\t\t\t\t\t\t<\/span>\n\t\t\t\t\t\t\t\t\t\t<span class=\"elementor-icon-list-text\"><b>Project Completion<\/b>\u00a0\u2013 2026-06-30<\/span>\n\t\t\t\t\t\t\t\t\t<\/li>\n\t\t\t\t\t\t\t\t<li class=\"elementor-icon-list-item\">\n\t\t\t\t\t\t\t\t\t\t\t<span class=\"elementor-icon-list-icon\">\n\t\t\t\t\t\t\t<svg xmlns=\"http:\/\/www.w3.org\/2000\/svg\" width=\"65\" height=\"65\" viewbox=\"0 0 65 65\" fill=\"none\"><g id=\"Why Choose Us Icon\"><circle id=\"Ellipse 1179\" cx=\"32.5\" cy=\"32.5\" r=\"32\" stroke=\"black\"><\/circle><path id=\"Vector\" d=\"M28.3231 40.9949L19.9694 32.4974L18 34.5L28.3231 45L47 26.0026L45.0306 24L28.3231 40.9949Z\" fill=\"#EE3124\"><\/path><\/g><\/svg>\t\t\t\t\t\t<\/span>\n\t\t\t\t\t\t\t\t\t\t<span class=\"elementor-icon-list-text\"><b>Project Budget<\/b> \u2013 \u20ac94,338 excluding VAT, EU funding allocated \u2013 \u20ac47,169.<\/span>\n\t\t\t\t\t\t\t\t\t<\/li>\n\t\t\t\t\t\t<\/ul>\n\t\t\t\t\t\t<\/div>\n\t\t\t\t<\/div>\n\t\t\t\t<\/div>\n\t\t<div class=\"elementor-element elementor-element-41094f9 e-con-full e-flex e-con e-child\" data-id=\"41094f9\" data-element_type=\"container\">\n\t\t\t\t<div class=\"elementor-element elementor-element-33d6148 elementor-widget elementor-widget-text-editor\" data-id=\"33d6148\" data-element_type=\"widget\" data-widget_type=\"text-editor.default\">\n\t\t\t\t<div class=\"elementor-widget-container\">\n\t\t\t\t\t\t\t\t\t<p>UAB \"MGM Baltic\" has been operating for over 12 years.<\/p><p>UAB \"MGM Baltic\" is a high-quality advertising production company operating throughout Lithuania: in Vilnius, Kaunas, Klaip\u0117da, \u0160iauliai, and other cities across the country.<\/p><p>The company specializes in both outdoor and indoor advertising production, providing top-quality services to promote clients' products or services.<\/p><p>The company's activities include design, engineering, and production: outdoor advertising production, creation of promotional products, lighting projects, design, and installation.<\/p><p>The company can execute projects of various scales: from small promotional materials to complex exhibition stands designed for high-level trade shows.<\/p>\t\t\t\t\t\t\t\t<\/div>\n\t\t\t\t<\/div>\n\t\t\t\t<div class=\"elementor-element elementor-element-ee0b0d3 elementor-widget elementor-widget-image\" data-id=\"ee0b0d3\" data-element_type=\"widget\" data-widget_type=\"image.default\">\n\t\t\t\t<div class=\"elementor-widget-container\">\n\t\t\t\t\t\t\t\t\t\t\t\t\t\t\t<img decoding=\"async\" width=\"384\" height=\"82\" src=\"https:\/\/mgmbaltic.lt\/wp-content\/uploads\/2025\/01\/mgm-baltic-bendrai-finansuoja-es-300x64-1.png\" class=\"attachment-large size-large wp-image-7843\" alt=\"\" srcset=\"https:\/\/mgmbaltic.lt\/wp-content\/uploads\/2025\/01\/mgm-baltic-bendrai-finansuoja-es-300x64-1.png 384w, https:\/\/mgmbaltic.lt\/wp-content\/uploads\/2025\/01\/mgm-baltic-bendrai-finansuoja-es-300x64-1-300x64.png 300w, https:\/\/mgmbaltic.lt\/wp-content\/uploads\/2025\/01\/mgm-baltic-bendrai-finansuoja-es-300x64-1-18x4.png 18w, https:\/\/mgmbaltic.lt\/wp-content\/uploads\/2025\/01\/mgm-baltic-bendrai-finansuoja-es-300x64-1-150x32.png 150w\" sizes=\"(max-width: 360px) 147px, (max-width: 384px) 100vw, 384px\" \/>\t\t\t\t\t\t\t\t\t\t\t\t\t\t\t<\/div>\n\t\t\t\t<\/div>\n\t\t\t\t<\/div>\n\t\t\t\t<\/div>\n\t\t\t\t\t<\/div>\n\t\t\t\t<\/div>\n\t\t\t\t<\/div>","protected":false},"excerpt":{"rendered":"<p>ES finansavimas Projektas \u201eEl. pardavimo sandori\u0173 sudarymo sprendim\u0173 diegimas UAB \u201eMGM Baltic\u201c Projekto tikslas \u2013 \u012fmon\u0117s pajam\u0173 augimas skaitmenizuojant \u012fmon\u0117s veikl\u0105 ir diegiant e. pardavim\u0173 sandori\u0173 sudarymo sprendimus. Projekto u\u017edavinys\u00a0\u2013 elektronin\u0117s parduotuv\u0117s suk\u016brimas. Projekto rezultatas \u2013\u00a0Sukurta\u00a0 elektronin\u0117 parduotuv\u0117. Projekto biud\u017eetas \u2013 49000,00 Eur be PVM,\u2028ES fondo skirta finansavimo suma \u2013 24500,00 Eur. Projekto \u012fgyvendinimo trukm\u0117 [&hellip;]<\/p>","protected":false},"author":1,"featured_media":0,"parent":0,"menu_order":0,"comment_status":"closed","ping_status":"closed","template":"template-fullwidth-no-heading.php","meta":{"_acf_changed":false,"footnotes":""},"class_list":["post-7332","page","type-page","status-publish","hentry"],"acf":[],"yoast_head":"<!-- This site is optimized with the Yoast SEO plugin v25.3.1 - https:\/\/yoast.com\/wordpress\/plugins\/seo\/ -->\n<title>ES finansavimas<\/title>\n<meta name=\"robots\" content=\"index, follow, max-snippet:-1, max-image-preview:large, max-video-preview:-1\" \/>\n<link rel=\"canonical\" href=\"https:\/\/mgmbaltic.lt\/en\/es-finansavimas\/\" \/>\n<meta property=\"og:locale\" content=\"en_US\" \/>\n<meta property=\"og:type\" content=\"article\" \/>\n<meta property=\"og:title\" content=\"ES finansavimas\" \/>\n<meta property=\"og:description\" content=\"ES finansavimas Projektas \u201eEl. pardavimo sandori\u0173 sudarymo sprendim\u0173 diegimas UAB \u201eMGM Baltic\u201c Projekto tikslas \u2013 \u012fmon\u0117s pajam\u0173 augimas skaitmenizuojant \u012fmon\u0117s veikl\u0105 ir diegiant e. pardavim\u0173 sandori\u0173 sudarymo sprendimus. Projekto u\u017edavinys\u00a0\u2013 elektronin\u0117s parduotuv\u0117s suk\u016brimas. Projekto rezultatas \u2013\u00a0Sukurta\u00a0 elektronin\u0117 parduotuv\u0117. Projekto biud\u017eetas \u2013 49000,00 Eur be PVM,\u2028ES fondo skirta finansavimo suma \u2013 24500,00 Eur. Projekto \u012fgyvendinimo trukm\u0117 [&hellip;]\" \/>\n<meta property=\"og:url\" content=\"https:\/\/mgmbaltic.lt\/en\/es-finansavimas\/\" \/>\n<meta property=\"og:site_name\" content=\"MGMBALTIC\" \/>\n<meta property=\"article:modified_time\" content=\"2025-02-04T09:22:41+00:00\" \/>\n<meta property=\"og:image\" content=\"http:\/\/mgmbaltic.lt\/wp-content\/uploads\/2025\/01\/mgm-baltic-bendrai-finansuoja-es-300x64-1.png\" \/>\n<meta name=\"twitter:card\" content=\"summary_large_image\" \/>\n<meta name=\"twitter:label1\" content=\"Est. reading time\" \/>\n\t<meta name=\"twitter:data1\" content=\"4 minutes\" \/>\n<script type=\"application\/ld+json\" class=\"yoast-schema-graph\">{\"@context\":\"https:\/\/schema.org\",\"@graph\":[{\"@type\":\"WebPage\",\"@id\":\"https:\/\/mgmbaltic.lt\/es-finansavimas\",\"url\":\"https:\/\/mgmbaltic.lt\/es-finansavimas\",\"name\":\"ES finansavimas\",\"isPartOf\":{\"@id\":\"https:\/\/www.mgmbaltic.lt\/#website\"},\"primaryImageOfPage\":{\"@id\":\"https:\/\/mgmbaltic.lt\/es-finansavimas#primaryimage\"},\"image\":{\"@id\":\"https:\/\/mgmbaltic.lt\/es-finansavimas#primaryimage\"},\"thumbnailUrl\":\"http:\/\/mgmbaltic.lt\/wp-content\/uploads\/2025\/01\/mgm-baltic-bendrai-finansuoja-es-300x64-1.png\",\"datePublished\":\"2025-01-08T12:27:57+00:00\",\"dateModified\":\"2025-02-04T09:22:41+00:00\",\"breadcrumb\":{\"@id\":\"https:\/\/mgmbaltic.lt\/es-finansavimas#breadcrumb\"},\"inLanguage\":\"en-US\",\"potentialAction\":[{\"@type\":\"ReadAction\",\"target\":[\"https:\/\/mgmbaltic.lt\/es-finansavimas\"]}]},{\"@type\":\"ImageObject\",\"inLanguage\":\"en-US\",\"@id\":\"https:\/\/mgmbaltic.lt\/es-finansavimas#primaryimage\",\"url\":\"http:\/\/mgmbaltic.lt\/wp-content\/uploads\/2025\/01\/mgm-baltic-bendrai-finansuoja-es-300x64-1.png\",\"contentUrl\":\"http:\/\/mgmbaltic.lt\/wp-content\/uploads\/2025\/01\/mgm-baltic-bendrai-finansuoja-es-300x64-1.png\"},{\"@type\":\"BreadcrumbList\",\"@id\":\"https:\/\/mgmbaltic.lt\/es-finansavimas#breadcrumb\",\"itemListElement\":[{\"@type\":\"ListItem\",\"position\":1,\"name\":\"Home\",\"item\":\"https:\/\/mgmbaltic.lt\/\"},{\"@type\":\"ListItem\",\"position\":2,\"name\":\"ES finansavimas\"}]},{\"@type\":\"WebSite\",\"@id\":\"https:\/\/www.mgmbaltic.lt\/#website\",\"url\":\"https:\/\/www.mgmbaltic.lt\/\",\"name\":\"MGMBALTIC\",\"description\":\"\",\"publisher\":{\"@id\":\"https:\/\/www.mgmbaltic.lt\/#organization\"},\"potentialAction\":[{\"@type\":\"SearchAction\",\"target\":{\"@type\":\"EntryPoint\",\"urlTemplate\":\"https:\/\/www.mgmbaltic.lt\/?s={search_term_string}\"},\"query-input\":{\"@type\":\"PropertyValueSpecification\",\"valueRequired\":true,\"valueName\":\"search_term_string\"}}],\"inLanguage\":\"en-US\"},{\"@type\":\"Organization\",\"@id\":\"https:\/\/www.mgmbaltic.lt\/#organization\",\"name\":\"MGMBALTIC\",\"url\":\"https:\/\/www.mgmbaltic.lt\/\",\"logo\":{\"@type\":\"ImageObject\",\"inLanguage\":\"en-US\",\"@id\":\"https:\/\/www.mgmbaltic.lt\/#\/schema\/logo\/image\/\",\"url\":\"https:\/\/mgmbaltic.lt\/wp-content\/uploads\/2025\/01\/cropped-Vector.png\",\"contentUrl\":\"https:\/\/mgmbaltic.lt\/wp-content\/uploads\/2025\/01\/cropped-Vector.png\",\"width\":289,\"height\":65,\"caption\":\"MGMBALTIC\"},\"image\":{\"@id\":\"https:\/\/www.mgmbaltic.lt\/#\/schema\/logo\/image\/\"}}]}<\/script>\n<!-- \/ Yoast SEO plugin. -->","yoast_head_json":{"title":"ES finansavimas","robots":{"index":"index","follow":"follow","max-snippet":"max-snippet:-1","max-image-preview":"max-image-preview:large","max-video-preview":"max-video-preview:-1"},"canonical":"https:\/\/mgmbaltic.lt\/en\/es-finansavimas\/","og_locale":"en_US","og_type":"article","og_title":"ES finansavimas","og_description":"ES finansavimas Projektas \u201eEl. pardavimo sandori\u0173 sudarymo sprendim\u0173 diegimas UAB \u201eMGM Baltic\u201c Projekto tikslas \u2013 \u012fmon\u0117s pajam\u0173 augimas skaitmenizuojant \u012fmon\u0117s veikl\u0105 ir diegiant e. pardavim\u0173 sandori\u0173 sudarymo sprendimus. Projekto u\u017edavinys\u00a0\u2013 elektronin\u0117s parduotuv\u0117s suk\u016brimas. Projekto rezultatas \u2013\u00a0Sukurta\u00a0 elektronin\u0117 parduotuv\u0117. Projekto biud\u017eetas \u2013 49000,00 Eur be PVM,\u2028ES fondo skirta finansavimo suma \u2013 24500,00 Eur. Projekto \u012fgyvendinimo trukm\u0117 [&hellip;]","og_url":"https:\/\/mgmbaltic.lt\/en\/es-finansavimas\/","og_site_name":"MGMBALTIC","article_modified_time":"2025-02-04T09:22:41+00:00","og_image":[{"url":"http:\/\/mgmbaltic.lt\/wp-content\/uploads\/2025\/01\/mgm-baltic-bendrai-finansuoja-es-300x64-1.png","type":"","width":"","height":""}],"twitter_card":"summary_large_image","twitter_misc":{"Est. reading time":"4 minutes"},"schema":{"@context":"https:\/\/schema.org","@graph":[{"@type":"WebPage","@id":"https:\/\/mgmbaltic.lt\/es-finansavimas","url":"https:\/\/mgmbaltic.lt\/es-finansavimas","name":"ES finansavimas","isPartOf":{"@id":"https:\/\/www.mgmbaltic.lt\/#website"},"primaryImageOfPage":{"@id":"https:\/\/mgmbaltic.lt\/es-finansavimas#primaryimage"},"image":{"@id":"https:\/\/mgmbaltic.lt\/es-finansavimas#primaryimage"},"thumbnailUrl":"http:\/\/mgmbaltic.lt\/wp-content\/uploads\/2025\/01\/mgm-baltic-bendrai-finansuoja-es-300x64-1.png","datePublished":"2025-01-08T12:27:57+00:00","dateModified":"2025-02-04T09:22:41+00:00","breadcrumb":{"@id":"https:\/\/mgmbaltic.lt\/es-finansavimas#breadcrumb"},"inLanguage":"en-US","potentialAction":[{"@type":"ReadAction","target":["https:\/\/mgmbaltic.lt\/es-finansavimas"]}]},{"@type":"ImageObject","inLanguage":"en-US","@id":"https:\/\/mgmbaltic.lt\/es-finansavimas#primaryimage","url":"http:\/\/mgmbaltic.lt\/wp-content\/uploads\/2025\/01\/mgm-baltic-bendrai-finansuoja-es-300x64-1.png","contentUrl":"http:\/\/mgmbaltic.lt\/wp-content\/uploads\/2025\/01\/mgm-baltic-bendrai-finansuoja-es-300x64-1.png"},{"@type":"BreadcrumbList","@id":"https:\/\/mgmbaltic.lt\/es-finansavimas#breadcrumb","itemListElement":[{"@type":"ListItem","position":1,"name":"Home","item":"https:\/\/mgmbaltic.lt\/"},{"@type":"ListItem","position":2,"name":"ES finansavimas"}]},{"@type":"WebSite","@id":"https:\/\/www.mgmbaltic.lt\/#website","url":"https:\/\/www.mgmbaltic.lt\/","name":"MGMBALTIC","description":"","publisher":{"@id":"https:\/\/www.mgmbaltic.lt\/#organization"},"potentialAction":[{"@type":"SearchAction","target":{"@type":"EntryPoint","urlTemplate":"https:\/\/www.mgmbaltic.lt\/?s={search_term_string}"},"query-input":{"@type":"PropertyValueSpecification","valueRequired":true,"valueName":"search_term_string"}}],"inLanguage":"en-US"},{"@type":"Organization","@id":"https:\/\/www.mgmbaltic.lt\/#organization","name":"MGMBALTIC","url":"https:\/\/www.mgmbaltic.lt\/","logo":{"@type":"ImageObject","inLanguage":"en-US","@id":"https:\/\/www.mgmbaltic.lt\/#\/schema\/logo\/image\/","url":"https:\/\/mgmbaltic.lt\/wp-content\/uploads\/2025\/01\/cropped-Vector.png","contentUrl":"https:\/\/mgmbaltic.lt\/wp-content\/uploads\/2025\/01\/cropped-Vector.png","width":289,"height":65,"caption":"MGMBALTIC"},"image":{"@id":"https:\/\/www.mgmbaltic.lt\/#\/schema\/logo\/image\/"}}]}},"_links":{"self":[{"href":"https:\/\/mgmbaltic.lt\/en\/wp-json\/wp\/v2\/pages\/7332","targetHints":{"allow":["GET"]}}],"collection":[{"href":"https:\/\/mgmbaltic.lt\/en\/wp-json\/wp\/v2\/pages"}],"about":[{"href":"https:\/\/mgmbaltic.lt\/en\/wp-json\/wp\/v2\/types\/page"}],"author":[{"embeddable":true,"href":"https:\/\/mgmbaltic.lt\/en\/wp-json\/wp\/v2\/users\/1"}],"replies":[{"embeddable":true,"href":"https:\/\/mgmbaltic.lt\/en\/wp-json\/wp\/v2\/comments?post=7332"}],"version-history":[{"count":61,"href":"https:\/\/mgmbaltic.lt\/en\/wp-json\/wp\/v2\/pages\/7332\/revisions"}],"predecessor-version":[{"id":11116,"href":"https:\/\/mgmbaltic.lt\/en\/wp-json\/wp\/v2\/pages\/7332\/revisions\/11116"}],"wp:attachment":[{"href":"https:\/\/mgmbaltic.lt\/en\/wp-json\/wp\/v2\/media?parent=7332"}],"curies":[{"name":"wp","href":"https:\/\/api.w.org\/{rel}","templated":true}]}}