{"id":13027,"date":"2025-06-11T12:45:27","date_gmt":"2025-06-11T12:45:27","guid":{"rendered":"https:\/\/mgmbaltic.lt\/?post_type=product&#038;p=13027"},"modified":"2025-07-08T12:57:56","modified_gmt":"2025-07-08T12:57:56","slug":"pastatomas-u-formos-stendas","status":"publish","type":"product","link":"https:\/\/mgmbaltic.lt\/en\/product\/pastatomas-u-formos-stendas","title":{"rendered":"U-shaped stand"},"content":{"rendered":"<div data-elementor-type=\"wp-post\" data-elementor-id=\"13027\" class=\"elementor elementor-13027\" data-elementor-post-type=\"product\">\n\t\t\t\t\t\t<section class=\"elementor-section elementor-top-section elementor-element elementor-element-c823afd elementor-section-content-middle elementor-section-boxed elementor-section-height-default elementor-section-height-default\" data-id=\"c823afd\" data-element_type=\"section\">\n\t\t\t\t\t\t<div class=\"elementor-container elementor-column-gap-wide\">\n\t\t\t\t\t<div class=\"elementor-column elementor-col-50 elementor-top-column elementor-element elementor-element-1f4956c\" data-id=\"1f4956c\" data-element_type=\"column\">\n\t\t\t<div class=\"elementor-widget-wrap elementor-element-populated\">\n\t\t\t\t\t\t<div class=\"elementor-element elementor-element-fd56d05 elementor-widget elementor-widget-text-editor\" data-id=\"fd56d05\" data-element_type=\"widget\" data-widget_type=\"text-editor.default\">\n\t\t\t\t<div class=\"elementor-widget-container\">\n\t\t\t\t\t\t\t\t\t<h3>General Description<\/h3>\nNone\t\t\t\t\t\t\t\t<\/div>\n\t\t\t\t<\/div>\n\t\t\t\t\t<\/div>\n\t\t<\/div>\n\t\t\t\t<div class=\"elementor-column elementor-col-50 elementor-top-column elementor-element elementor-element-391cbbb\" data-id=\"391cbbb\" data-element_type=\"column\">\n\t\t\t<div class=\"elementor-widget-wrap elementor-element-populated\">\n\t\t\t\t\t\t<div class=\"elementor-element elementor-element-c884e21 elementor-widget elementor-widget-image\" data-id=\"c884e21\" data-element_type=\"widget\" data-widget_type=\"image.default\">\n\t\t\t\t<div class=\"elementor-widget-container\">\n\t\t\t\t\t\t\t\t\t\t\t\t\t\t\t<img fetchpriority=\"high\" decoding=\"async\" width=\"1024\" height=\"768\" src=\"https:\/\/mgmbaltic.lt\/wp-content\/uploads\/2025\/06\/004-jds-1024x768.jpg\" class=\"attachment-large size-large wp-image-13037\" alt=\"\" srcset=\"https:\/\/mgmbaltic.lt\/wp-content\/uploads\/2025\/06\/004-jds-1024x768.jpg 1024w, https:\/\/mgmbaltic.lt\/wp-content\/uploads\/2025\/06\/004-jds-300x225.jpg 300w, https:\/\/mgmbaltic.lt\/wp-content\/uploads\/2025\/06\/004-jds-768x576.jpg 768w, https:\/\/mgmbaltic.lt\/wp-content\/uploads\/2025\/06\/004-jds-1536x1152.jpg 1536w, https:\/\/mgmbaltic.lt\/wp-content\/uploads\/2025\/06\/004-jds-2048x1536.jpg 2048w, https:\/\/mgmbaltic.lt\/wp-content\/uploads\/2025\/06\/004-jds-16x12.jpg 16w, https:\/\/mgmbaltic.lt\/wp-content\/uploads\/2025\/06\/004-jds-990x743.jpg 990w, https:\/\/mgmbaltic.lt\/wp-content\/uploads\/2025\/06\/004-jds-441x331.jpg 441w, https:\/\/mgmbaltic.lt\/wp-content\/uploads\/2025\/06\/004-jds-800x600.jpg 800w, https:\/\/mgmbaltic.lt\/wp-content\/uploads\/2025\/06\/004-jds-150x113.jpg 150w\" sizes=\"(max-width: 360px) 147px, (max-width: 1024px) 100vw, 1024px\" \/>\t\t\t\t\t\t\t\t\t\t\t\t\t\t\t<\/div>\n\t\t\t\t<\/div>\n\t\t\t\t\t<\/div>\n\t\t<\/div>\n\t\t\t\t\t<\/div>\n\t\t<\/section>\n\t\t\t\t<\/div>","protected":false},"excerpt":{"rendered":"<details >\n<summary>Customized Product<\/summary>\n<div class=\"cg-accordion-item\">\n<div class=\"wpcf7 no-js\" id=\"wpcf7-f8225-o1\" lang=\"lt-LT\" dir=\"ltr\" data-wpcf7-id=\"8225\">\n<div class=\"screen-reader-response\">\n<p role=\"status\" aria-live=\"polite\" aria-atomic=\"true\">\n<ul><\/ul>\n<\/div>\n<form action=\"\/wp-admin\/admin-ajax.php#wpcf7-f8225-o1\" method=\"post\" class=\"wpcf7-form init\" aria-label=\"Kontakt\u0173 forma\" novalidate=\"novalidate\" data-status=\"init\" data-trp-original-action=\"\/wp-admin\/admin-ajax.php#wpcf7-f8225-o1\">\n<div style=\"display: none;\">\n<input type=\"hidden\" name=\"_wpcf7\" value=\"8225\" \/><br \/>\n<input type=\"hidden\" name=\"_wpcf7_version\" value=\"6.0.3\" \/><br \/>\n<input type=\"hidden\" name=\"_wpcf7_locale\" value=\"lt_LT\" \/><br \/>\n<input type=\"hidden\" name=\"_wpcf7_unit_tag\" value=\"wpcf7-f8225-o1\" \/><br \/>\n<input type=\"hidden\" name=\"_wpcf7_container_post\" value=\"0\" \/><br \/>\n<input type=\"hidden\" name=\"_wpcf7_posted_data_hash\" value=\"\" \/>\n<\/div>\n<form>\n<input class=\"wpcf7-form-control wpcf7-hidden\" id=\"product-title\" value=\"\" type=\"hidden\" name=\"product-title\" \/><\/p>\n<p><label> Your Name<br \/>\n<span class=\"wpcf7-form-control-wrap\" data-name=\"your-name\"><input size=\"40\" maxlength=\"400\" class=\"wpcf7-form-control wpcf7-text wpcf7-validates-as-required\" autocomplete=\"name\" aria-required=\"true\" aria-invalid=\"false\" value=\"\" type=\"text\" name=\"your-name\" \/><\/span> <\/label>\n\t<\/p>\n<p><label> Phone Number<br \/>\n<span class=\"wpcf7-form-control-wrap\" data-name=\"your-phone\"><input size=\"40\" maxlength=\"400\" class=\"wpcf7-form-control wpcf7-text wpcf7-validates-as-required\" autocomplete=\"phone\" aria-required=\"true\" aria-invalid=\"false\" value=\"\" type=\"text\" name=\"your-phone\" \/><\/span> <\/label>\n\t<\/p>\n<p><label> Your Email<br \/>\n<span class=\"wpcf7-form-control-wrap\" data-name=\"your-email\"><input size=\"40\" maxlength=\"400\" class=\"wpcf7-form-control wpcf7-email wpcf7-validates-as-required wpcf7-text wpcf7-validates-as-email\" autocomplete=\"email\" aria-required=\"true\" aria-invalid=\"false\" value=\"\" type=\"email\" name=\"your-email\" \/><\/span> <\/label>\n\t<\/p>\n<p><label> Length (cm)<br \/>\n<span class=\"wpcf7-form-control-wrap\" data-name=\"product-length\"><input class=\"wpcf7-form-control wpcf7-number wpcf7-validates-as-required wpcf7-validates-as-number\" min=\"0\" step=\"0.1\" aria-required=\"true\" aria-invalid=\"false\" value=\"\" type=\"number\" name=\"product-length\" \/><\/span> <\/label>\n\t<\/p>\n<p><label> Width (cm)<br \/>\n<span class=\"wpcf7-form-control-wrap\" data-name=\"product-width\"><input class=\"wpcf7-form-control wpcf7-number wpcf7-validates-as-required wpcf7-validates-as-number\" min=\"0\" step=\"0.1\" aria-required=\"true\" aria-invalid=\"false\" value=\"\" type=\"number\" name=\"product-width\" \/><\/span> <\/label>\n\t<\/p>\n<p><label> Color (HEX Code)<br \/>\n<span class=\"wpcf7-form-control-wrap\" data-name=\"product-color\"><input size=\"40\" maxlength=\"400\" class=\"wpcf7-form-control wpcf7-text wpcf7-validates-as-required\" aria-required=\"true\" aria-invalid=\"false\" value=\"\" type=\"text\" name=\"product-color\" \/><\/span> <\/label>\n\t<\/p>\n<p><label> Additional Information (Optional)<br \/>\n<span class=\"wpcf7-form-control-wrap\" data-name=\"product-additional-info\"><textarea cols=\"40\" rows=\"10\" maxlength=\"2000\" class=\"wpcf7-form-control wpcf7-textarea\" aria-invalid=\"false\" name=\"product-additional-info\"><\/textarea><\/span> <\/label>\n\t<\/p>\n<p><input class=\"wpcf7-form-control wpcf7-submit has-spinner\" type=\"submit\" value=\"Submit\" \/>\n\t<\/p>\n<\/form>\n<div class=\"wpcf7-response-output\" aria-hidden=\"true\"><\/div>\n<input type=\"hidden\" name=\"trp-form-language\" value=\"en\"\/><\/form>\n<\/div>\n<\/div>\n<\/details>","protected":false},"featured_media":13038,"comment_status":"open","ping_status":"closed","template":"","meta":{"_acf_changed":false},"product_brand":[],"product_cat":[66],"product_tag":[],"class_list":{"0":"post-13027","1":"product","2":"type-product","3":"status-publish","4":"has-post-thumbnail","6":"product_cat-u-formos-stendai","8":"first","9":"instock","10":"taxable","11":"shipping-taxable","12":"purchasable","13":"product-type-variable"},"acf":[],"yoast_head":"<!-- This site is optimized with the Yoast SEO plugin v25.3.1 - https:\/\/yoast.com\/wordpress\/plugins\/seo\/ -->\n<title>Pastatomas U formos stendas - MGMBALTIC<\/title>\n<meta name=\"robots\" content=\"index, follow, max-snippet:-1, max-image-preview:large, max-video-preview:-1\" \/>\n<link rel=\"canonical\" href=\"https:\/\/mgmbaltic.lt\/en\/product\/pastatomas-u-formos-stendas\/\" \/>\n<meta property=\"og:locale\" content=\"en_US\" \/>\n<meta property=\"og:type\" content=\"article\" \/>\n<meta property=\"og:title\" content=\"Pastatomas U formos stendas - MGMBALTIC\" \/>\n<meta property=\"og:description\" content=\"Personalizuotas produktas                J\u016bs\u0173 vardas     Tel. numeris     J\u016bs\u0173 el. pa\u0161tas     Ilgis (cm)     Plotis (cm)     Spalva (HEX kodas)     Papildoma informacija (neprivaloma)\" \/>\n<meta property=\"og:url\" content=\"https:\/\/mgmbaltic.lt\/en\/product\/pastatomas-u-formos-stendas\/\" \/>\n<meta property=\"og:site_name\" content=\"MGMBALTIC\" \/>\n<meta property=\"article:modified_time\" content=\"2025-07-08T12:57:56+00:00\" \/>\n<meta property=\"og:image\" content=\"https:\/\/mgmbaltic.lt\/wp-content\/uploads\/2025\/06\/004-blt-1024x768.jpg\" \/>\n\t<meta property=\"og:image:width\" content=\"1024\" \/>\n\t<meta property=\"og:image:height\" content=\"768\" \/>\n\t<meta property=\"og:image:type\" content=\"image\/jpeg\" \/>\n<meta name=\"twitter:card\" content=\"summary_large_image\" \/>\n<meta name=\"twitter:label1\" content=\"Est. reading time\" \/>\n\t<meta name=\"twitter:data1\" content=\"1 minute\" \/>\n<script type=\"application\/ld+json\" class=\"yoast-schema-graph\">{\"@context\":\"https:\/\/schema.org\",\"@graph\":[{\"@type\":\"WebPage\",\"@id\":\"https:\/\/mgmbaltic.lt\/produktas\/pastatomas-u-formos-stendas\",\"url\":\"https:\/\/mgmbaltic.lt\/produktas\/pastatomas-u-formos-stendas\",\"name\":\"Pastatomas U formos stendas - MGMBALTIC\",\"isPartOf\":{\"@id\":\"https:\/\/www.mgmbaltic.lt\/#website\"},\"primaryImageOfPage\":{\"@id\":\"https:\/\/mgmbaltic.lt\/produktas\/pastatomas-u-formos-stendas#primaryimage\"},\"image\":{\"@id\":\"https:\/\/mgmbaltic.lt\/produktas\/pastatomas-u-formos-stendas#primaryimage\"},\"thumbnailUrl\":\"https:\/\/mgmbaltic.lt\/wp-content\/uploads\/2025\/06\/004-blt.jpg\",\"datePublished\":\"2025-06-11T12:45:27+00:00\",\"dateModified\":\"2025-07-08T12:57:56+00:00\",\"breadcrumb\":{\"@id\":\"https:\/\/mgmbaltic.lt\/produktas\/pastatomas-u-formos-stendas#breadcrumb\"},\"inLanguage\":\"en-US\",\"potentialAction\":[{\"@type\":\"ReadAction\",\"target\":[\"https:\/\/mgmbaltic.lt\/produktas\/pastatomas-u-formos-stendas\"]}]},{\"@type\":\"ImageObject\",\"inLanguage\":\"en-US\",\"@id\":\"https:\/\/mgmbaltic.lt\/produktas\/pastatomas-u-formos-stendas#primaryimage\",\"url\":\"https:\/\/mgmbaltic.lt\/wp-content\/uploads\/2025\/06\/004-blt.jpg\",\"contentUrl\":\"https:\/\/mgmbaltic.lt\/wp-content\/uploads\/2025\/06\/004-blt.jpg\",\"width\":2480,\"height\":1860},{\"@type\":\"BreadcrumbList\",\"@id\":\"https:\/\/mgmbaltic.lt\/produktas\/pastatomas-u-formos-stendas#breadcrumb\",\"itemListElement\":[{\"@type\":\"ListItem\",\"position\":1,\"name\":\"Home\",\"item\":\"https:\/\/mgmbaltic.lt\/\"},{\"@type\":\"ListItem\",\"position\":2,\"name\":\"El. parduotuv\u0117\",\"item\":\"https:\/\/mgmbaltic.lt\/parduotuve\"},{\"@type\":\"ListItem\",\"position\":3,\"name\":\"Pastatomas U formos stendas\"}]},{\"@type\":\"WebSite\",\"@id\":\"https:\/\/www.mgmbaltic.lt\/#website\",\"url\":\"https:\/\/www.mgmbaltic.lt\/\",\"name\":\"MGMBALTIC\",\"description\":\"\",\"publisher\":{\"@id\":\"https:\/\/www.mgmbaltic.lt\/#organization\"},\"potentialAction\":[{\"@type\":\"SearchAction\",\"target\":{\"@type\":\"EntryPoint\",\"urlTemplate\":\"https:\/\/www.mgmbaltic.lt\/?s={search_term_string}\"},\"query-input\":{\"@type\":\"PropertyValueSpecification\",\"valueRequired\":true,\"valueName\":\"search_term_string\"}}],\"inLanguage\":\"en-US\"},{\"@type\":\"Organization\",\"@id\":\"https:\/\/www.mgmbaltic.lt\/#organization\",\"name\":\"MGMBALTIC\",\"url\":\"https:\/\/www.mgmbaltic.lt\/\",\"logo\":{\"@type\":\"ImageObject\",\"inLanguage\":\"en-US\",\"@id\":\"https:\/\/www.mgmbaltic.lt\/#\/schema\/logo\/image\/\",\"url\":\"https:\/\/mgmbaltic.lt\/wp-content\/uploads\/2025\/01\/cropped-Vector.png\",\"contentUrl\":\"https:\/\/mgmbaltic.lt\/wp-content\/uploads\/2025\/01\/cropped-Vector.png\",\"width\":289,\"height\":65,\"caption\":\"MGMBALTIC\"},\"image\":{\"@id\":\"https:\/\/www.mgmbaltic.lt\/#\/schema\/logo\/image\/\"}}]}<\/script>\n<!-- \/ Yoast SEO plugin. -->","yoast_head_json":{"title":"Pastatomas U formos stendas - MGMBALTIC","robots":{"index":"index","follow":"follow","max-snippet":"max-snippet:-1","max-image-preview":"max-image-preview:large","max-video-preview":"max-video-preview:-1"},"canonical":"https:\/\/mgmbaltic.lt\/en\/product\/pastatomas-u-formos-stendas\/","og_locale":"en_US","og_type":"article","og_title":"Pastatomas U formos stendas - MGMBALTIC","og_description":"Personalizuotas produktas                J\u016bs\u0173 vardas     Tel. numeris     J\u016bs\u0173 el. pa\u0161tas     Ilgis (cm)     Plotis (cm)     Spalva (HEX kodas)     Papildoma informacija (neprivaloma)","og_url":"https:\/\/mgmbaltic.lt\/en\/product\/pastatomas-u-formos-stendas\/","og_site_name":"MGMBALTIC","article_modified_time":"2025-07-08T12:57:56+00:00","og_image":[{"width":1024,"height":768,"url":"https:\/\/mgmbaltic.lt\/wp-content\/uploads\/2025\/06\/004-blt-1024x768.jpg","type":"image\/jpeg"}],"twitter_card":"summary_large_image","twitter_misc":{"Est. reading time":"1 minute"},"schema":{"@context":"https:\/\/schema.org","@graph":[{"@type":"WebPage","@id":"https:\/\/mgmbaltic.lt\/produktas\/pastatomas-u-formos-stendas","url":"https:\/\/mgmbaltic.lt\/produktas\/pastatomas-u-formos-stendas","name":"Pastatomas U formos stendas - MGMBALTIC","isPartOf":{"@id":"https:\/\/www.mgmbaltic.lt\/#website"},"primaryImageOfPage":{"@id":"https:\/\/mgmbaltic.lt\/produktas\/pastatomas-u-formos-stendas#primaryimage"},"image":{"@id":"https:\/\/mgmbaltic.lt\/produktas\/pastatomas-u-formos-stendas#primaryimage"},"thumbnailUrl":"https:\/\/mgmbaltic.lt\/wp-content\/uploads\/2025\/06\/004-blt.jpg","datePublished":"2025-06-11T12:45:27+00:00","dateModified":"2025-07-08T12:57:56+00:00","breadcrumb":{"@id":"https:\/\/mgmbaltic.lt\/produktas\/pastatomas-u-formos-stendas#breadcrumb"},"inLanguage":"en-US","potentialAction":[{"@type":"ReadAction","target":["https:\/\/mgmbaltic.lt\/produktas\/pastatomas-u-formos-stendas"]}]},{"@type":"ImageObject","inLanguage":"en-US","@id":"https:\/\/mgmbaltic.lt\/produktas\/pastatomas-u-formos-stendas#primaryimage","url":"https:\/\/mgmbaltic.lt\/wp-content\/uploads\/2025\/06\/004-blt.jpg","contentUrl":"https:\/\/mgmbaltic.lt\/wp-content\/uploads\/2025\/06\/004-blt.jpg","width":2480,"height":1860},{"@type":"BreadcrumbList","@id":"https:\/\/mgmbaltic.lt\/produktas\/pastatomas-u-formos-stendas#breadcrumb","itemListElement":[{"@type":"ListItem","position":1,"name":"Home","item":"https:\/\/mgmbaltic.lt\/"},{"@type":"ListItem","position":2,"name":"El. parduotuv\u0117","item":"https:\/\/mgmbaltic.lt\/parduotuve"},{"@type":"ListItem","position":3,"name":"Pastatomas U formos stendas"}]},{"@type":"WebSite","@id":"https:\/\/www.mgmbaltic.lt\/#website","url":"https:\/\/www.mgmbaltic.lt\/","name":"MGMBALTIC","description":"","publisher":{"@id":"https:\/\/www.mgmbaltic.lt\/#organization"},"potentialAction":[{"@type":"SearchAction","target":{"@type":"EntryPoint","urlTemplate":"https:\/\/www.mgmbaltic.lt\/?s={search_term_string}"},"query-input":{"@type":"PropertyValueSpecification","valueRequired":true,"valueName":"search_term_string"}}],"inLanguage":"en-US"},{"@type":"Organization","@id":"https:\/\/www.mgmbaltic.lt\/#organization","name":"MGMBALTIC","url":"https:\/\/www.mgmbaltic.lt\/","logo":{"@type":"ImageObject","inLanguage":"en-US","@id":"https:\/\/www.mgmbaltic.lt\/#\/schema\/logo\/image\/","url":"https:\/\/mgmbaltic.lt\/wp-content\/uploads\/2025\/01\/cropped-Vector.png","contentUrl":"https:\/\/mgmbaltic.lt\/wp-content\/uploads\/2025\/01\/cropped-Vector.png","width":289,"height":65,"caption":"MGMBALTIC"},"image":{"@id":"https:\/\/www.mgmbaltic.lt\/#\/schema\/logo\/image\/"}}]}},"_links":{"self":[{"href":"https:\/\/mgmbaltic.lt\/en\/wp-json\/wp\/v2\/product\/13027","targetHints":{"allow":["GET"]}}],"collection":[{"href":"https:\/\/mgmbaltic.lt\/en\/wp-json\/wp\/v2\/product"}],"about":[{"href":"https:\/\/mgmbaltic.lt\/en\/wp-json\/wp\/v2\/types\/product"}],"replies":[{"embeddable":true,"href":"https:\/\/mgmbaltic.lt\/en\/wp-json\/wp\/v2\/comments?post=13027"}],"version-history":[{"count":9,"href":"https:\/\/mgmbaltic.lt\/en\/wp-json\/wp\/v2\/product\/13027\/revisions"}],"predecessor-version":[{"id":13212,"href":"https:\/\/mgmbaltic.lt\/en\/wp-json\/wp\/v2\/product\/13027\/revisions\/13212"}],"wp:featuredmedia":[{"embeddable":true,"href":"https:\/\/mgmbaltic.lt\/en\/wp-json\/wp\/v2\/media\/13038"}],"wp:attachment":[{"href":"https:\/\/mgmbaltic.lt\/en\/wp-json\/wp\/v2\/media?parent=13027"}],"wp:term":[{"taxonomy":"product_brand","embeddable":true,"href":"https:\/\/mgmbaltic.lt\/en\/wp-json\/wp\/v2\/product_brand?post=13027"},{"taxonomy":"product_cat","embeddable":true,"href":"https:\/\/mgmbaltic.lt\/en\/wp-json\/wp\/v2\/product_cat?post=13027"},{"taxonomy":"product_tag","embeddable":true,"href":"https:\/\/mgmbaltic.lt\/en\/wp-json\/wp\/v2\/product_tag?post=13027"}],"curies":[{"name":"wp","href":"https:\/\/api.w.org\/{rel}","templated":true}]}}