{"id":13102,"date":"2025-06-12T05:24:29","date_gmt":"2025-06-12T05:24:29","guid":{"rendered":"https:\/\/mgmbaltic.lt\/?post_type=product&#038;p=13102"},"modified":"2025-07-25T11:50:46","modified_gmt":"2025-07-25T11:50:46","slug":"papildomi-skydeliai","status":"publish","type":"product","link":"https:\/\/mgmbaltic.lt\/en\/product\/papildomi-skydeliai","title":{"rendered":"Additional shields"},"content":{"rendered":"<div data-elementor-type=\"wp-post\" data-elementor-id=\"13102\" class=\"elementor elementor-13102\" data-elementor-post-type=\"product\">\n\t\t\t\t\t\t<section class=\"elementor-section elementor-top-section elementor-element elementor-element-c823afd elementor-section-content-middle elementor-section-boxed elementor-section-height-default elementor-section-height-default\" data-id=\"c823afd\" data-element_type=\"section\">\n\t\t\t\t\t\t<div class=\"elementor-container elementor-column-gap-wide\">\n\t\t\t\t\t<div class=\"elementor-column elementor-col-50 elementor-top-column elementor-element elementor-element-1f4956c\" data-id=\"1f4956c\" data-element_type=\"column\">\n\t\t\t<div class=\"elementor-widget-wrap elementor-element-populated\">\n\t\t\t\t\t\t<div class=\"elementor-element elementor-element-fd56d05 elementor-widget elementor-widget-text-editor\" data-id=\"fd56d05\" data-element_type=\"widget\" data-widget_type=\"text-editor.default\">\n\t\t\t\t<div class=\"elementor-widget-container\">\n\t\t\t\t\t\t\t\t\t<h3>General Description<\/h3>\nNone\t\t\t\t\t\t\t\t<\/div>\n\t\t\t\t<\/div>\n\t\t\t\t\t<\/div>\n\t\t<\/div>\n\t\t\t\t<div class=\"elementor-column elementor-col-50 elementor-top-column elementor-element elementor-element-391cbbb\" data-id=\"391cbbb\" data-element_type=\"column\">\n\t\t\t<div class=\"elementor-widget-wrap elementor-element-populated\">\n\t\t\t\t\t\t<div class=\"elementor-element elementor-element-c884e21 elementor-widget elementor-widget-image\" data-id=\"c884e21\" data-element_type=\"widget\" data-widget_type=\"image.default\">\n\t\t\t\t<div class=\"elementor-widget-container\">\n\t\t\t\t\t\t\t\t\t\t\t\t\t\t\t<img fetchpriority=\"high\" decoding=\"async\" width=\"1024\" height=\"683\" src=\"https:\/\/mgmbaltic.lt\/wp-content\/uploads\/2025\/06\/Ekranelis-su-matmenim-1024x683.jpg\" class=\"attachment-large size-large wp-image-13105\" alt=\"\" srcset=\"https:\/\/mgmbaltic.lt\/wp-content\/uploads\/2025\/06\/Ekranelis-su-matmenim-1024x683.jpg 1024w, https:\/\/mgmbaltic.lt\/wp-content\/uploads\/2025\/06\/Ekranelis-su-matmenim-300x200.jpg 300w, https:\/\/mgmbaltic.lt\/wp-content\/uploads\/2025\/06\/Ekranelis-su-matmenim-768x512.jpg 768w, https:\/\/mgmbaltic.lt\/wp-content\/uploads\/2025\/06\/Ekranelis-su-matmenim-1536x1024.jpg 1536w, https:\/\/mgmbaltic.lt\/wp-content\/uploads\/2025\/06\/Ekranelis-su-matmenim-2048x1365.jpg 2048w, https:\/\/mgmbaltic.lt\/wp-content\/uploads\/2025\/06\/Ekranelis-su-matmenim-18x12.jpg 18w, https:\/\/mgmbaltic.lt\/wp-content\/uploads\/2025\/06\/Ekranelis-su-matmenim-990x660.jpg 990w, https:\/\/mgmbaltic.lt\/wp-content\/uploads\/2025\/06\/Ekranelis-su-matmenim-441x294.jpg 441w, https:\/\/mgmbaltic.lt\/wp-content\/uploads\/2025\/06\/Ekranelis-su-matmenim-800x533.jpg 800w, https:\/\/mgmbaltic.lt\/wp-content\/uploads\/2025\/06\/Ekranelis-su-matmenim-150x100.jpg 150w\" sizes=\"(max-width: 360px) 147px, (max-width: 1024px) 100vw, 1024px\" \/>\t\t\t\t\t\t\t\t\t\t\t\t\t\t\t<\/div>\n\t\t\t\t<\/div>\n\t\t\t\t\t<\/div>\n\t\t<\/div>\n\t\t\t\t\t<\/div>\n\t\t<\/section>\n\t\t\t\t<\/div>","protected":false},"excerpt":{"rendered":"<details>\n<summary>Customized Product<\/summary>\n<div class=\"cg-accordion-item\">\n<div id=\"wpcf7-f8225-o1\" class=\"wpcf7 no-js\" dir=\"ltr\" lang=\"lt-LT\" data-wpcf7-id=\"8225\">\n<div class=\"screen-reader-response\">\n<p role=\"status\" aria-live=\"polite\" aria-atomic=\"true\">\n<\/div>\n<form class=\"wpcf7-form init\" action=\"\/wp-admin\/admin-ajax.php#wpcf7-f8225-o1\" method=\"post\" novalidate=\"novalidate\" aria-label=\"Kontakt\u0173 forma\" data-status=\"init\" data-trp-original-action=\"\/wp-admin\/admin-ajax.php#wpcf7-f8225-o1\">\n<div style=\"display: none;\"><input name=\"_wpcf7\" type=\"hidden\" value=\"8225\" \/><br \/>\n<input name=\"_wpcf7_version\" type=\"hidden\" value=\"6.0.3\" \/><br \/>\n<input name=\"_wpcf7_locale\" type=\"hidden\" value=\"lt_LT\" \/><br \/>\n<input name=\"_wpcf7_unit_tag\" type=\"hidden\" value=\"wpcf7-f8225-o1\" \/><br \/>\n<input name=\"_wpcf7_container_post\" type=\"hidden\" value=\"0\" \/><br \/>\n<input name=\"_wpcf7_posted_data_hash\" type=\"hidden\" value=\"\" \/><\/div>\n<input type=\"hidden\" name=\"trp-form-language\" value=\"en\"\/><\/form>\n<form action=\"\"><input id=\"product-title\" class=\"wpcf7-form-control wpcf7-hidden\" name=\"product-title\" type=\"hidden\" value=\"\" \/><label> Your Name<br \/>\n<span class=\"wpcf7-form-control-wrap\" data-name=\"your-name\"><input class=\"wpcf7-form-control wpcf7-text wpcf7-validates-as-required\" autocomplete=\"name\" maxlength=\"400\" name=\"your-name\" size=\"40\" type=\"text\" value=\"\" aria-required=\"true\" aria-invalid=\"false\" \/><\/span> <\/label><label> Phone Number<br \/>\n<span class=\"wpcf7-form-control-wrap\" data-name=\"your-phone\"><input class=\"wpcf7-form-control wpcf7-text wpcf7-validates-as-required\" autocomplete=\"phone\" maxlength=\"400\" name=\"your-phone\" size=\"40\" type=\"text\" value=\"\" aria-required=\"true\" aria-invalid=\"false\" \/><\/span> <\/label><\/p>\n<p><label> Your Email<br \/>\n<span class=\"wpcf7-form-control-wrap\" data-name=\"your-email\"><input class=\"wpcf7-form-control wpcf7-email wpcf7-validates-as-required wpcf7-text wpcf7-validates-as-email\" autocomplete=\"email\" maxlength=\"400\" name=\"your-email\" size=\"40\" type=\"email\" value=\"\" aria-required=\"true\" aria-invalid=\"false\" \/><\/span> <\/label><\/p>\n<p><label> Length (cm)<br \/>\n<span class=\"wpcf7-form-control-wrap\" data-name=\"product-length\"><input class=\"wpcf7-form-control wpcf7-number wpcf7-validates-as-required wpcf7-validates-as-number\" min=\"0\" name=\"product-length\" step=\"0.1\" type=\"number\" value=\"\" aria-required=\"true\" aria-invalid=\"false\" \/><\/span> <\/label><\/p>\n<p><label> Width (cm)<br \/>\n<span class=\"wpcf7-form-control-wrap\" data-name=\"product-width\"><input class=\"wpcf7-form-control wpcf7-number wpcf7-validates-as-required wpcf7-validates-as-number\" min=\"0\" name=\"product-width\" step=\"0.1\" type=\"number\" value=\"\" aria-required=\"true\" aria-invalid=\"false\" \/><\/span> <\/label><\/p>\n<p><label> Color (HEX Code)<br \/>\n<span class=\"wpcf7-form-control-wrap\" data-name=\"product-color\"><input class=\"wpcf7-form-control wpcf7-text wpcf7-validates-as-required\" maxlength=\"400\" name=\"product-color\" size=\"40\" type=\"text\" value=\"\" aria-required=\"true\" aria-invalid=\"false\" \/><\/span> <\/label><\/p>\n<p><label> Additional Information (Optional)<br \/>\n<span class=\"wpcf7-form-control-wrap\" data-name=\"product-additional-info\"><textarea class=\"wpcf7-form-control wpcf7-textarea\" cols=\"40\" maxlength=\"2000\" name=\"product-additional-info\" rows=\"10\" aria-invalid=\"false\"><\/textarea><\/span> <\/label><\/p>\n<p><input class=\"wpcf7-form-control wpcf7-submit has-spinner\" type=\"submit\" value=\"Submit\" \/><\/p>\n<input type=\"hidden\" name=\"trp-form-language\" value=\"en\"\/><\/form>\n<form class=\"wpcf7-form init\" action=\"\/wp-admin\/admin-ajax.php#wpcf7-f8225-o1\" method=\"post\" novalidate=\"novalidate\" aria-label=\"Kontakt\u0173 forma\" data-status=\"init\" data-trp-original-action=\"\/wp-admin\/admin-ajax.php#wpcf7-f8225-o1\">\n<div class=\"wpcf7-response-output\" aria-hidden=\"true\"><\/div>\n<input type=\"hidden\" name=\"trp-form-language\" value=\"en\"\/><\/form>\n<\/div>\n<\/div>\n<\/details>","protected":false},"featured_media":13105,"comment_status":"open","ping_status":"closed","template":"","meta":{"_acf_changed":false},"product_brand":[],"product_cat":[129],"product_tag":[],"class_list":{"0":"post-13102","1":"product","2":"type-product","3":"status-publish","4":"has-post-thumbnail","6":"product_cat-kiti-gaminiai","8":"first","9":"instock","10":"sale","11":"taxable","12":"shipping-taxable","13":"purchasable","14":"product-type-variable"},"acf":[],"yoast_head":"<!-- This site is optimized with the Yoast SEO plugin v25.3.1 - https:\/\/yoast.com\/wordpress\/plugins\/seo\/ -->\n<title>Papildomi skydeliai - MGMBALTIC<\/title>\n<meta name=\"robots\" content=\"index, follow, max-snippet:-1, max-image-preview:large, max-video-preview:-1\" \/>\n<link rel=\"canonical\" href=\"https:\/\/mgmbaltic.lt\/en\/product\/papildomi-skydeliai\/\" \/>\n<meta property=\"og:locale\" content=\"en_US\" \/>\n<meta property=\"og:type\" content=\"article\" \/>\n<meta property=\"og:title\" content=\"Papildomi skydeliai - MGMBALTIC\" \/>\n<meta property=\"og:description\" content=\"Personalizuotas produktas               J\u016bs\u0173 vardas  Tel. numeris    J\u016bs\u0173 el. pa\u0161tas    Ilgis (cm)    Plotis (cm)    Spalva (HEX kodas)    Papildoma informacija (neprivaloma)\" \/>\n<meta property=\"og:url\" content=\"https:\/\/mgmbaltic.lt\/en\/product\/papildomi-skydeliai\/\" \/>\n<meta property=\"og:site_name\" content=\"MGMBALTIC\" \/>\n<meta property=\"article:modified_time\" content=\"2025-07-25T11:50:46+00:00\" \/>\n<meta property=\"og:image\" content=\"https:\/\/mgmbaltic.lt\/wp-content\/uploads\/2025\/06\/Ekranelis-su-matmenim-1024x683.jpg\" \/>\n\t<meta property=\"og:image:width\" content=\"1024\" \/>\n\t<meta property=\"og:image:height\" content=\"683\" \/>\n\t<meta property=\"og:image:type\" content=\"image\/jpeg\" \/>\n<meta name=\"twitter:card\" content=\"summary_large_image\" \/>\n<meta name=\"twitter:label1\" content=\"Est. reading time\" \/>\n\t<meta name=\"twitter:data1\" content=\"1 minute\" \/>\n<script type=\"application\/ld+json\" class=\"yoast-schema-graph\">{\"@context\":\"https:\/\/schema.org\",\"@graph\":[{\"@type\":\"WebPage\",\"@id\":\"https:\/\/mgmbaltic.lt\/produktas\/papildomi-skydeliai\",\"url\":\"https:\/\/mgmbaltic.lt\/produktas\/papildomi-skydeliai\",\"name\":\"Papildomi skydeliai - MGMBALTIC\",\"isPartOf\":{\"@id\":\"https:\/\/www.mgmbaltic.lt\/#website\"},\"primaryImageOfPage\":{\"@id\":\"https:\/\/mgmbaltic.lt\/produktas\/papildomi-skydeliai#primaryimage\"},\"image\":{\"@id\":\"https:\/\/mgmbaltic.lt\/produktas\/papildomi-skydeliai#primaryimage\"},\"thumbnailUrl\":\"https:\/\/mgmbaltic.lt\/wp-content\/uploads\/2025\/06\/Ekranelis-su-matmenim.jpg\",\"datePublished\":\"2025-06-12T05:24:29+00:00\",\"dateModified\":\"2025-07-25T11:50:46+00:00\",\"breadcrumb\":{\"@id\":\"https:\/\/mgmbaltic.lt\/produktas\/papildomi-skydeliai#breadcrumb\"},\"inLanguage\":\"en-US\",\"potentialAction\":[{\"@type\":\"ReadAction\",\"target\":[\"https:\/\/mgmbaltic.lt\/produktas\/papildomi-skydeliai\"]}]},{\"@type\":\"ImageObject\",\"inLanguage\":\"en-US\",\"@id\":\"https:\/\/mgmbaltic.lt\/produktas\/papildomi-skydeliai#primaryimage\",\"url\":\"https:\/\/mgmbaltic.lt\/wp-content\/uploads\/2025\/06\/Ekranelis-su-matmenim.jpg\",\"contentUrl\":\"https:\/\/mgmbaltic.lt\/wp-content\/uploads\/2025\/06\/Ekranelis-su-matmenim.jpg\",\"width\":2483,\"height\":1655},{\"@type\":\"BreadcrumbList\",\"@id\":\"https:\/\/mgmbaltic.lt\/produktas\/papildomi-skydeliai#breadcrumb\",\"itemListElement\":[{\"@type\":\"ListItem\",\"position\":1,\"name\":\"Home\",\"item\":\"https:\/\/mgmbaltic.lt\/\"},{\"@type\":\"ListItem\",\"position\":2,\"name\":\"El. parduotuv\u0117\",\"item\":\"https:\/\/mgmbaltic.lt\/parduotuve\"},{\"@type\":\"ListItem\",\"position\":3,\"name\":\"Papildomi skydeliai\"}]},{\"@type\":\"WebSite\",\"@id\":\"https:\/\/www.mgmbaltic.lt\/#website\",\"url\":\"https:\/\/www.mgmbaltic.lt\/\",\"name\":\"MGMBALTIC\",\"description\":\"\",\"publisher\":{\"@id\":\"https:\/\/www.mgmbaltic.lt\/#organization\"},\"potentialAction\":[{\"@type\":\"SearchAction\",\"target\":{\"@type\":\"EntryPoint\",\"urlTemplate\":\"https:\/\/www.mgmbaltic.lt\/?s={search_term_string}\"},\"query-input\":{\"@type\":\"PropertyValueSpecification\",\"valueRequired\":true,\"valueName\":\"search_term_string\"}}],\"inLanguage\":\"en-US\"},{\"@type\":\"Organization\",\"@id\":\"https:\/\/www.mgmbaltic.lt\/#organization\",\"name\":\"MGMBALTIC\",\"url\":\"https:\/\/www.mgmbaltic.lt\/\",\"logo\":{\"@type\":\"ImageObject\",\"inLanguage\":\"en-US\",\"@id\":\"https:\/\/www.mgmbaltic.lt\/#\/schema\/logo\/image\/\",\"url\":\"https:\/\/mgmbaltic.lt\/wp-content\/uploads\/2025\/01\/cropped-Vector.png\",\"contentUrl\":\"https:\/\/mgmbaltic.lt\/wp-content\/uploads\/2025\/01\/cropped-Vector.png\",\"width\":289,\"height\":65,\"caption\":\"MGMBALTIC\"},\"image\":{\"@id\":\"https:\/\/www.mgmbaltic.lt\/#\/schema\/logo\/image\/\"}}]}<\/script>\n<!-- \/ Yoast SEO plugin. -->","yoast_head_json":{"title":"Papildomi skydeliai - MGMBALTIC","robots":{"index":"index","follow":"follow","max-snippet":"max-snippet:-1","max-image-preview":"max-image-preview:large","max-video-preview":"max-video-preview:-1"},"canonical":"https:\/\/mgmbaltic.lt\/en\/product\/papildomi-skydeliai\/","og_locale":"en_US","og_type":"article","og_title":"Papildomi skydeliai - MGMBALTIC","og_description":"Personalizuotas produktas               J\u016bs\u0173 vardas  Tel. numeris    J\u016bs\u0173 el. pa\u0161tas    Ilgis (cm)    Plotis (cm)    Spalva (HEX kodas)    Papildoma informacija (neprivaloma)","og_url":"https:\/\/mgmbaltic.lt\/en\/product\/papildomi-skydeliai\/","og_site_name":"MGMBALTIC","article_modified_time":"2025-07-25T11:50:46+00:00","og_image":[{"width":1024,"height":683,"url":"https:\/\/mgmbaltic.lt\/wp-content\/uploads\/2025\/06\/Ekranelis-su-matmenim-1024x683.jpg","type":"image\/jpeg"}],"twitter_card":"summary_large_image","twitter_misc":{"Est. reading time":"1 minute"},"schema":{"@context":"https:\/\/schema.org","@graph":[{"@type":"WebPage","@id":"https:\/\/mgmbaltic.lt\/produktas\/papildomi-skydeliai","url":"https:\/\/mgmbaltic.lt\/produktas\/papildomi-skydeliai","name":"Papildomi skydeliai - MGMBALTIC","isPartOf":{"@id":"https:\/\/www.mgmbaltic.lt\/#website"},"primaryImageOfPage":{"@id":"https:\/\/mgmbaltic.lt\/produktas\/papildomi-skydeliai#primaryimage"},"image":{"@id":"https:\/\/mgmbaltic.lt\/produktas\/papildomi-skydeliai#primaryimage"},"thumbnailUrl":"https:\/\/mgmbaltic.lt\/wp-content\/uploads\/2025\/06\/Ekranelis-su-matmenim.jpg","datePublished":"2025-06-12T05:24:29+00:00","dateModified":"2025-07-25T11:50:46+00:00","breadcrumb":{"@id":"https:\/\/mgmbaltic.lt\/produktas\/papildomi-skydeliai#breadcrumb"},"inLanguage":"en-US","potentialAction":[{"@type":"ReadAction","target":["https:\/\/mgmbaltic.lt\/produktas\/papildomi-skydeliai"]}]},{"@type":"ImageObject","inLanguage":"en-US","@id":"https:\/\/mgmbaltic.lt\/produktas\/papildomi-skydeliai#primaryimage","url":"https:\/\/mgmbaltic.lt\/wp-content\/uploads\/2025\/06\/Ekranelis-su-matmenim.jpg","contentUrl":"https:\/\/mgmbaltic.lt\/wp-content\/uploads\/2025\/06\/Ekranelis-su-matmenim.jpg","width":2483,"height":1655},{"@type":"BreadcrumbList","@id":"https:\/\/mgmbaltic.lt\/produktas\/papildomi-skydeliai#breadcrumb","itemListElement":[{"@type":"ListItem","position":1,"name":"Home","item":"https:\/\/mgmbaltic.lt\/"},{"@type":"ListItem","position":2,"name":"El. parduotuv\u0117","item":"https:\/\/mgmbaltic.lt\/parduotuve"},{"@type":"ListItem","position":3,"name":"Papildomi skydeliai"}]},{"@type":"WebSite","@id":"https:\/\/www.mgmbaltic.lt\/#website","url":"https:\/\/www.mgmbaltic.lt\/","name":"MGMBALTIC","description":"","publisher":{"@id":"https:\/\/www.mgmbaltic.lt\/#organization"},"potentialAction":[{"@type":"SearchAction","target":{"@type":"EntryPoint","urlTemplate":"https:\/\/www.mgmbaltic.lt\/?s={search_term_string}"},"query-input":{"@type":"PropertyValueSpecification","valueRequired":true,"valueName":"search_term_string"}}],"inLanguage":"en-US"},{"@type":"Organization","@id":"https:\/\/www.mgmbaltic.lt\/#organization","name":"MGMBALTIC","url":"https:\/\/www.mgmbaltic.lt\/","logo":{"@type":"ImageObject","inLanguage":"en-US","@id":"https:\/\/www.mgmbaltic.lt\/#\/schema\/logo\/image\/","url":"https:\/\/mgmbaltic.lt\/wp-content\/uploads\/2025\/01\/cropped-Vector.png","contentUrl":"https:\/\/mgmbaltic.lt\/wp-content\/uploads\/2025\/01\/cropped-Vector.png","width":289,"height":65,"caption":"MGMBALTIC"},"image":{"@id":"https:\/\/www.mgmbaltic.lt\/#\/schema\/logo\/image\/"}}]}},"_links":{"self":[{"href":"https:\/\/mgmbaltic.lt\/en\/wp-json\/wp\/v2\/product\/13102","targetHints":{"allow":["GET"]}}],"collection":[{"href":"https:\/\/mgmbaltic.lt\/en\/wp-json\/wp\/v2\/product"}],"about":[{"href":"https:\/\/mgmbaltic.lt\/en\/wp-json\/wp\/v2\/types\/product"}],"replies":[{"embeddable":true,"href":"https:\/\/mgmbaltic.lt\/en\/wp-json\/wp\/v2\/comments?post=13102"}],"version-history":[{"count":9,"href":"https:\/\/mgmbaltic.lt\/en\/wp-json\/wp\/v2\/product\/13102\/revisions"}],"predecessor-version":[{"id":13286,"href":"https:\/\/mgmbaltic.lt\/en\/wp-json\/wp\/v2\/product\/13102\/revisions\/13286"}],"wp:featuredmedia":[{"embeddable":true,"href":"https:\/\/mgmbaltic.lt\/en\/wp-json\/wp\/v2\/media\/13105"}],"wp:attachment":[{"href":"https:\/\/mgmbaltic.lt\/en\/wp-json\/wp\/v2\/media?parent=13102"}],"wp:term":[{"taxonomy":"product_brand","embeddable":true,"href":"https:\/\/mgmbaltic.lt\/en\/wp-json\/wp\/v2\/product_brand?post=13102"},{"taxonomy":"product_cat","embeddable":true,"href":"https:\/\/mgmbaltic.lt\/en\/wp-json\/wp\/v2\/product_cat?post=13102"},{"taxonomy":"product_tag","embeddable":true,"href":"https:\/\/mgmbaltic.lt\/en\/wp-json\/wp\/v2\/product_tag?post=13102"}],"curies":[{"name":"wp","href":"https:\/\/api.w.org\/{rel}","templated":true}]}}